{"id":780,"date":"2026-03-18T17:47:43","date_gmt":"2026-03-18T16:47:43","guid":{"rendered":"https:\/\/lestudioagile.fr\/?page_id=780"},"modified":"2026-03-18T18:05:47","modified_gmt":"2026-03-18T17:05:47","slug":"accueil","status":"publish","type":"page","link":"https:\/\/lestudioagile.fr\/","title":{"rendered":"Accueil"},"content":{"rendered":"\n<h2>Le Studio accompagne votre transition&#8230;<\/h2>\n\n\n\n<ul><li>Facilite graphiquement une r\u00e9union, une conf\u00e9rence ou un \u00e9v\u00e8nement marquant<\/li><li>Pr\u00e9pare et facilite un Forum Ouvert de grande taille<\/li><li>Organise et facilite un World Caf\u00e9<\/li><li>Fait \u00e9merger les outils de management visuel d&#8217;une \u00e9quipe<\/li><li>Forme des champions pour mettre en place un programme interne d&#8217;am\u00e9lioration continue<\/li><li>Accompagne une d\u00e9marche collaborative \u00e0 grande \u00e9chelle (Open Agile Adoption)<\/li><\/ul>\n\n\n\n<h2>Le Studio accompagne vos managers&#8230;<\/h2>\n\n\n\n<ul><li>Coache sur la posture collaborative et l&#8217;auto-organisation<\/li><li>Anime des ateliers strat\u00e9giques<\/li><\/ul>\n\n\n\n<h2>Le Studio accompagne (aussi) vos projets<\/h2>\n\n\n\n<h3>&#8230;\u00e0 leur naissance&#8230;<\/h3>\n\n\n\n<ul><li>Con\u00e7oit, organise, anime et facilite un \u00e9v\u00e8nement de d\u00e9marrage de projet<\/li><li>Facilite un atelier d&#8217;exploration des besoins et des priorit\u00e9s avec les parties prenantes d&#8217;un nouveau projet<\/li><li>Conduit une session de d\u00e9finition d&#8217;un plan de livraison<\/li><li>Facilite un cadrage de mission avec la direction de projet<\/li><\/ul>\n\n\n\n<h3>&#8230;pendant leur d\u00e9veloppement&#8230;<\/h3>\n\n\n\n<ul><li>Anime un atelier probl\u00e8me\/solutions<\/li><li>Anime un atelier m\u00e9tier entre une DSI et ses M\u00e9tiers<\/li><li>Anime des jeux collaboratifs (serious games)<\/li><li>Conduire des ateliers d&#8217;innovation, d&#8217;am\u00e9lioration continue, d&#8217;expression d&#8217;exigences&nbsp; <br><\/li><li>Accompagne des \u00e9quipes \u00e0 distance<\/li><li>Accompagne le d\u00e9ploiement de l&#8217;agilit\u00e9 \u00e0 l&#8217;\u00e9chelle (SAFe)<\/li><\/ul>\n\n\n\n<h3>&#8230;et jusqu&#8217;\u00e0 leur conclusion<\/h3>\n\n\n\n<ul><li>Facilite un bilan de projet r\u00e9unissant les parties prenantes<\/li><li>Organise et m\u00e8ne une r\u00e9trospective pour toute la soci\u00e9t\u00e9<\/li><\/ul>\n\n\n\n<h2>mais aussi&#8230;<\/h2>\n\n\n\n<ul><li>Con\u00e7oit et facilite un s\u00e9minaire de d\u00e9veloppement<\/li><li>Organise et facilite un projet \u00e9v\u00e8nementiel collaboratif<\/li><\/ul>\n\n\n\n<figure class=\"wp-block-gallery columns-1\"><ul class=\"blocks-gallery-grid\"><li class=\"blocks-gallery-item\"><figure><img loading=\"lazy\" width=\"1024\" height=\"768\" src=\"http:\/\/lestudioagile.fr\/wp-content\/uploads\/2019\/03\/Smile-Formation-Scrum-29_censored-2-1024x768.jpg\" alt=\"\" data-id=\"656\" data-link=\"http:\/\/lestudioagile.fr\/index.php\/interventions\/smile-formation-scrum-29_censored-2\/\" class=\"wp-image-656\" srcset=\"https:\/\/lestudioagile.fr\/wp-content\/uploads\/2019\/03\/Smile-Formation-Scrum-29_censored-2-1024x768.jpg 1024w, https:\/\/lestudioagile.fr\/wp-content\/uploads\/2019\/03\/Smile-Formation-Scrum-29_censored-2-300x225.jpg 300w, https:\/\/lestudioagile.fr\/wp-content\/uploads\/2019\/03\/Smile-Formation-Scrum-29_censored-2-768x576.jpg 768w, https:\/\/lestudioagile.fr\/wp-content\/uploads\/2019\/03\/Smile-Formation-Scrum-29_censored-2.jpg 2048w\" sizes=\"(max-width: 706px) 89vw, (max-width: 767px) 82vw, 740px\" \/><\/figure><\/li><\/ul><\/figure>\n","protected":false},"excerpt":{"rendered":"<p>Le Studio accompagne votre transition&#8230; Facilite graphiquement une r\u00e9union, une conf\u00e9rence ou un \u00e9v\u00e8nement marquant Pr\u00e9pare et facilite un Forum Ouvert de grande taille Organise et facilite un World Caf\u00e9 Fait \u00e9merger les outils de management visuel d&#8217;une \u00e9quipe Forme des champions pour mettre en place un programme interne d&#8217;am\u00e9lioration continue Accompagne une d\u00e9marche collaborative &hellip; <\/p>\n<p class=\"link-more\"><a href=\"https:\/\/lestudioagile.fr\/\" class=\"more-link\">Continue reading<span class=\"screen-reader-text\"> &#8220;Accueil&#8221;<\/span><\/a><\/p>\n","protected":false},"author":1,"featured_media":0,"parent":0,"menu_order":0,"comment_status":"closed","ping_status":"closed","template":"","meta":[],"_links":{"self":[{"href":"https:\/\/lestudioagile.fr\/index.php\/wp-json\/wp\/v2\/pages\/780"}],"collection":[{"href":"https:\/\/lestudioagile.fr\/index.php\/wp-json\/wp\/v2\/pages"}],"about":[{"href":"https:\/\/lestudioagile.fr\/index.php\/wp-json\/wp\/v2\/types\/page"}],"author":[{"embeddable":true,"href":"https:\/\/lestudioagile.fr\/index.php\/wp-json\/wp\/v2\/users\/1"}],"replies":[{"embeddable":true,"href":"https:\/\/lestudioagile.fr\/index.php\/wp-json\/wp\/v2\/comments?post=780"}],"version-history":[{"count":5,"href":"https:\/\/lestudioagile.fr\/index.php\/wp-json\/wp\/v2\/pages\/780\/revisions"}],"predecessor-version":[{"id":795,"href":"https:\/\/lestudioagile.fr\/index.php\/wp-json\/wp\/v2\/pages\/780\/revisions\/795"}],"wp:attachment":[{"href":"https:\/\/lestudioagile.fr\/index.php\/wp-json\/wp\/v2\/media?parent=780"}],"curies":[{"name":"wp","href":"https:\/\/api.w.org\/{rel}","templated":true}]}}