{"id":259,"date":"2018-11-10T17:54:31","date_gmt":"2018-11-10T16:54:31","guid":{"rendered":"http:\/\/lestudioagile.fr\/?page_id=259"},"modified":"2026-03-18T18:01:18","modified_gmt":"2026-03-18T17:01:18","slug":"formation","status":"publish","type":"page","link":"https:\/\/lestudioagile.fr\/index.php\/formation\/","title":{"rendered":"Formation"},"content":{"rendered":"<p><span style=\"font-weight: 400;\">Nous proposons des formats participatifs qui stimulent l\u2019intelligence collective : formation inductive, ateliers participatifs, co-construction. La dur\u00e9e de ces sessions varient de 2 heures \u00e0 1 journ\u00e9e en fonction du contexte.\u00a0<\/span><\/p>\n<p><span style=\"font-weight: 400;\">Nous concevons des formations, des ateliers et des jeux d\u2019innovation originaux et nous les adaptons \u00e0 votre contexte et \u00e0 votre besoin.<\/span><\/p>\n<p><span style=\"font-weight: 400;\">Nous intervenons en bin\u00f4me ou en trin\u00f4me sur la plupart des ateliers, r\u00e9unions de direction, formations, forums ouverts et autres formats d\u2019\u00e9v\u00e9nements, ainsi qu\u2019en solo ou duo pour de l&#8217;accompagnement d\u2019\u00e9quipes.<\/span><\/p>\n<ul>\n<li><a href=\"http:\/\/lestudioagile.fr\/index.php\/modules-de-formation\/\">Formations modulaires et interactives<\/a><\/li>\n<\/ul>\n<p><span style=\"font-weight: 400;\">Nous intervenons habituellement en Occitanie, pour offrir \u00e0 nos clients r\u00e9activit\u00e9 et disponibilit\u00e9.<\/span><\/p>\n\n\n<div class=\"wp-block-image\"><figure class=\"aligncenter is-resized\"><img loading=\"lazy\" src=\"http:\/\/lestudioagile.fr\/wp-content\/uploads\/2019\/03\/occitanie-vert-1024x984.png\" alt=\"\" class=\"wp-image-690\" width=\"180\" height=\"173\" srcset=\"https:\/\/lestudioagile.fr\/wp-content\/uploads\/2019\/03\/occitanie-vert-1024x984.png 1024w, https:\/\/lestudioagile.fr\/wp-content\/uploads\/2019\/03\/occitanie-vert-300x288.png 300w, https:\/\/lestudioagile.fr\/wp-content\/uploads\/2019\/03\/occitanie-vert-768x738.png 768w, https:\/\/lestudioagile.fr\/wp-content\/uploads\/2019\/03\/occitanie-vert.png 1878w\" sizes=\"(max-width: 180px) 100vw, 180px\" \/><\/figure><\/div>\n\n\n<div class=\"so-widget-sow-button so-widget-sow-button-flat-172fd2b1e7be\"><div class=\"ow-button-base ow-button-align-center\">\n\t<a href=\"https:\/\/lestudioagile.fr\/?page_id=9\" class=\"ow-icon-placement-left ow-button-hover\" \t\t>\n\t\t<span>\n\t\t\t\n\t\t\tPour plus d&#8217;informations, contactez nous\t\t<\/span>\n\t<\/a>\n<\/div>\n<\/div>            <style type=\"text\/css\">.so-widget-sow-button-flat-172fd2b1e7be .ow-button-base {\n  zoom: 1;\n}\n.so-widget-sow-button-flat-172fd2b1e7be .ow-button-base:before {\n  content: '';\n  display: block;\n}\n.so-widget-sow-button-flat-172fd2b1e7be .ow-button-base:after {\n  content: '';\n  display: table;\n  clear: both;\n}\n@media (max-width: 780px) {\n  .so-widget-sow-button-flat-172fd2b1e7be .ow-button-base.ow-button-align-center {\n    text-align: center;\n  }\n  .so-widget-sow-button-flat-172fd2b1e7be .ow-button-base.ow-button-align-center.ow-button-align-justify a {\n    display: inline-block;\n  }\n}\n.so-widget-sow-button-flat-172fd2b1e7be .ow-button-base a {\n  -ms-box-sizing: border-box;\n  -moz-box-sizing: border-box;\n  -webkit-box-sizing: border-box;\n  box-sizing: border-box;\n  width: 100%;\n  max-width: 100%;\n  font-size: 1em;\n  padding: 1em 2em;\n  background: #419d78;\n  color: #ffffff !important;\n  border: 1px solid #419d78;\n  border-width: 1px 0;\n  -webkit-border-radius: 0.25em;\n  -moz-border-radius: 0.25em;\n  border-radius: 0.25em;\n  text-shadow: 0 1px 0 rgba(0, 0, 0, 0.05);\n}\n.so-widget-sow-button-flat-172fd2b1e7be .ow-button-base a:active,\n.so-widget-sow-button-flat-172fd2b1e7be .ow-button-base a:hover {\n  color: #ffffff !important;\n}\n.so-widget-sow-button-flat-172fd2b1e7be .ow-button-base a.ow-button-hover:hover {\n  background: #47ab83;\n  border-color: #47ab83;\n}<\/style>","protected":false},"excerpt":{"rendered":"<p>Nous proposons des formats participatifs qui stimulent l\u2019intelligence collective : formation inductive, ateliers participatifs, co-construction. La dur\u00e9e de ces sessions varient de 2 heures \u00e0 1 journ\u00e9e en fonction du contexte.\u00a0 Nous concevons des formations, des ateliers et des jeux d\u2019innovation originaux et nous les adaptons \u00e0 votre contexte et \u00e0 votre besoin. Nous intervenons &hellip; <\/p>\n<p class=\"link-more\"><a href=\"https:\/\/lestudioagile.fr\/index.php\/formation\/\" class=\"more-link\">Continue reading<span class=\"screen-reader-text\"> &#8220;Formation&#8221;<\/span><\/a><\/p>\n","protected":false},"author":2,"featured_media":0,"parent":0,"menu_order":0,"comment_status":"closed","ping_status":"closed","template":"","meta":[],"_links":{"self":[{"href":"https:\/\/lestudioagile.fr\/index.php\/wp-json\/wp\/v2\/pages\/259"}],"collection":[{"href":"https:\/\/lestudioagile.fr\/index.php\/wp-json\/wp\/v2\/pages"}],"about":[{"href":"https:\/\/lestudioagile.fr\/index.php\/wp-json\/wp\/v2\/types\/page"}],"author":[{"embeddable":true,"href":"https:\/\/lestudioagile.fr\/index.php\/wp-json\/wp\/v2\/users\/2"}],"replies":[{"embeddable":true,"href":"https:\/\/lestudioagile.fr\/index.php\/wp-json\/wp\/v2\/comments?post=259"}],"version-history":[{"count":25,"href":"https:\/\/lestudioagile.fr\/index.php\/wp-json\/wp\/v2\/pages\/259\/revisions"}],"predecessor-version":[{"id":792,"href":"https:\/\/lestudioagile.fr\/index.php\/wp-json\/wp\/v2\/pages\/259\/revisions\/792"}],"wp:attachment":[{"href":"https:\/\/lestudioagile.fr\/index.php\/wp-json\/wp\/v2\/media?parent=259"}],"curies":[{"name":"wp","href":"https:\/\/api.w.org\/{rel}","templated":true}]}}