{"id":254,"date":"2018-11-08T10:37:51","date_gmt":"2018-11-08T09:37:51","guid":{"rendered":"http:\/\/lestudioagile.fr\/?page_id=254"},"modified":"2020-01-27T11:09:36","modified_gmt":"2020-01-27T10:09:36","slug":"modules-de-formation","status":"publish","type":"page","link":"https:\/\/lestudioagile.fr\/index.php\/formation\/modules-de-formation\/","title":{"rendered":"Modules de formation"},"content":{"rendered":"<p><em>Nos formations sont d\u00e9coup\u00e9es en modules, combinables \u00e0 la carte en fonction de votre besoin.<\/em><\/p>\n<p><em>Vous avez le choix entre deux types de session:<br \/><\/em><\/p>\n<ul>\n<li><em>interne \u00e0 votre organisation, dans vos locaux ou un lieu choisi pour l&#8217;occasion,<br \/><\/em><\/li>\n<li><em>avec des participants de plusieurs organisations, \u00e0 Montpellier, suivant un calendrier disponible <a href=\"http:\/\/lestudioagile.fr\/index.php\/activites\/calendrier\/\">ici<\/a>.<\/em><\/li>\n<\/ul>\n<hr \/>\n<h2 class=\"block-editor-rich-text__editable editor-rich-text__editable\" role=\"textbox\" contenteditable=\"true\" aria-multiline=\"true\" data-is-placeholder-visible=\"false\" aria-label=\"Write heading\u2026\" aria-autocomplete=\"list\">Parcours &#8220;AGILE&#8221;<\/h2>\n<h2>A la d\u00e9couverte de l&#8217;agilit\u00e9<\/h2>\n<p>On entend beaucoup parler des m\u00e9thodes agiles, promesse d\u2019une collaboration plus efficace et de plaisir partag\u00e9 au quotidien. L\u2019agilit\u00e9 c\u2019est quoi au juste : un nouveau truc \u00e0 la mode ou une r\u00e9volution ? Une th\u00e9orie philosophique ou des solutions pragmatiques? Pour ce module, des ateliers innovants ont \u00e9t\u00e9 con\u00e7us ou adapt\u00e9s par le Studio Agile pour vous permettre de vivre les diff\u00e9rences tr\u00e8s concr\u00e8tes de l\u2019agilit\u00e9 et de la collaboration en situation complexe.<\/p>\n<p style=\"text-align: left;\"><b>Public <\/b><span style=\"font-weight: 400;\">: \u00c9quipier, manager, product owner, scrum master, toute personne qui est int\u00e9ress\u00e9e au projet.<\/span><\/p>\n\n<table id=\"tablepress-2\" class=\"tablepress tablepress-id-2\">\n<tbody>\n<tr class=\"row-1\">\n\t<td class=\"column-1\"><img src=\"http:\/\/lestudioagile.fr\/wp-content\/uploads\/2018\/11\/1Jour.png\" alt=\"\" width=\"150\" height=\"90\" class=\"aligncenter size-full wp-image-420\" \/><\/td><td class=\"column-2\"><img src=\"http:\/\/lestudioagile.fr\/wp-content\/uploads\/2018\/11\/500Euros.png\" alt=\"\" width=\"185\" height=\"92\" class=\"aligncenter size-full wp-image-421\" \/><\/td><td class=\"column-3\"><img src=\"http:\/\/lestudioagile.fr\/wp-content\/uploads\/2018\/11\/2000Euros.png\" alt=\"\" width=\"190\" height=\"96\" class=\"aligncenter size-full wp-image-442\" \/><\/td>\n<\/tr>\n<\/tbody>\n<\/table>\n<!-- #tablepress-2 from cache -->\n<h2>Bien d\u00e9marrer un projet<\/h2>\n<p dir=\"ltr\">Vous l\u2019avez sans doute constat\u00e9, les premi\u00e8res \u00e9tapes sont d\u00e9terminantes dans la r\u00e9ussite d\u2019un projet !<\/p>\n<p dir=\"ltr\">A l\u2019oppos\u00e9 de la d\u00e9marche traditionnelle en cascade, les approches agiles fournissent des principes et des pratiques simples et efficaces pour d\u00e9marrer rapidement et dans la bonne direction.<\/p>\n<p dir=\"ltr\">Les b\u00e9n\u00e9fices ? \u00a0Des acteurs impliqu\u00e9s align\u00e9s sur une m\u00eame vision, des feedbacks fr\u00e9quents, une adaptation rapide aux changements qui se pr\u00e9sentent, l\u2019am\u00e9lioration continue de la qualit\u00e9, des d\u00e9lais plus courts, des risques plus faibles.<\/p>\n<p style=\"text-align: left;\"><b>Public <\/b>: \u00c9quipier, manager, product owner, scrum master, toute personne qui est int\u00e9ress\u00e9e au projet.<\/p>\n<p dir=\"ltr\">\n<table id=\"tablepress-2-no-2\" class=\"tablepress tablepress-id-2\">\n<tbody>\n<tr class=\"row-1\">\n\t<td class=\"column-1\"><img src=\"http:\/\/lestudioagile.fr\/wp-content\/uploads\/2018\/11\/1Jour.png\" alt=\"\" width=\"150\" height=\"90\" class=\"aligncenter size-full wp-image-420\" \/><\/td><td class=\"column-2\"><img src=\"http:\/\/lestudioagile.fr\/wp-content\/uploads\/2018\/11\/500Euros.png\" alt=\"\" width=\"185\" height=\"92\" class=\"aligncenter size-full wp-image-421\" \/><\/td><td class=\"column-3\"><img src=\"http:\/\/lestudioagile.fr\/wp-content\/uploads\/2018\/11\/2000Euros.png\" alt=\"\" width=\"190\" height=\"96\" class=\"aligncenter size-full wp-image-442\" \/><\/td>\n<\/tr>\n<\/tbody>\n<\/table>\n<!-- #tablepress-2-no-2 from cache --><\/p>\n<h2>La vie de Scrum<\/h2>\n<p>Scrum est un cadre de travail simple \u00e0 comprendre, mais difficile \u00e0 pratiquer.<br \/>Il remet en question nos habitudes et nos modes de pens\u00e9e au travail.<br \/>Ce module vous permet de comprendre et d\u2019exp\u00e9rimenter les \u00e9tapes essentielles du cycle Scrum, ainsi que les techniques n\u00e9cessaires.<\/p>\n<p style=\"text-align: left;\"><b>Public <\/b><span style=\"font-weight: 400;\">: \u00c9quipier, manager, product owner, scrum master, toute personne qui est int\u00e9ress\u00e9e au projet.<\/span><\/p>\n\n<table id=\"tablepress-2-no-3\" class=\"tablepress tablepress-id-2\">\n<tbody>\n<tr class=\"row-1\">\n\t<td class=\"column-1\"><img src=\"http:\/\/lestudioagile.fr\/wp-content\/uploads\/2018\/11\/1Jour.png\" alt=\"\" width=\"150\" height=\"90\" class=\"aligncenter size-full wp-image-420\" \/><\/td><td class=\"column-2\"><img src=\"http:\/\/lestudioagile.fr\/wp-content\/uploads\/2018\/11\/500Euros.png\" alt=\"\" width=\"185\" height=\"92\" class=\"aligncenter size-full wp-image-421\" \/><\/td><td class=\"column-3\"><img src=\"http:\/\/lestudioagile.fr\/wp-content\/uploads\/2018\/11\/2000Euros.png\" alt=\"\" width=\"190\" height=\"96\" class=\"aligncenter size-full wp-image-442\" \/><\/td>\n<\/tr>\n<\/tbody>\n<\/table>\n<!-- #tablepress-2-no-3 from cache -->\n<h2>Scrum : Qui Fait Quoi?<\/h2>\n<p>-\u201cComment \u00e7a, il n\u2019y a pas de chef !?\u201d<\/p>\n<p>Scrum est le cadre agile le plus largement r\u00e9pandu dans les \u00e9quipes projet. De nouveaux r\u00f4les apparaissent, d\u2019autres se transforment. Comment cela fonctionne-t-il ? Quelles sont les nouvelles responsabilit\u00e9s ? Quelles sont les postures \u00e0 adopter dans ce nouveau paradigme collaboratif ?<br \/>Ce module vous permettra de d\u00e9velopper tout le potentiel de Scrum dans vos \u00e9quipes.<\/p>\n<p style=\"text-align: left;\"><b>Public <\/b>: \u00c9quipier, manager, product owner, scrum master, toute personne qui est int\u00e9ress\u00e9e au projet.<\/p>\n\n<table id=\"tablepress-2-no-4\" class=\"tablepress tablepress-id-2\">\n<tbody>\n<tr class=\"row-1\">\n\t<td class=\"column-1\"><img src=\"http:\/\/lestudioagile.fr\/wp-content\/uploads\/2018\/11\/1Jour.png\" alt=\"\" width=\"150\" height=\"90\" class=\"aligncenter size-full wp-image-420\" \/><\/td><td class=\"column-2\"><img src=\"http:\/\/lestudioagile.fr\/wp-content\/uploads\/2018\/11\/500Euros.png\" alt=\"\" width=\"185\" height=\"92\" class=\"aligncenter size-full wp-image-421\" \/><\/td><td class=\"column-3\"><img src=\"http:\/\/lestudioagile.fr\/wp-content\/uploads\/2018\/11\/2000Euros.png\" alt=\"\" width=\"190\" height=\"96\" class=\"aligncenter size-full wp-image-442\" \/><\/td>\n<\/tr>\n<\/tbody>\n<\/table>\n<!-- #tablepress-2-no-4 from cache -->\n<hr \/>\n<h2 class=\"block-editor-rich-text__editable editor-rich-text__editable\" role=\"textbox\" contenteditable=\"true\" aria-multiline=\"true\" data-is-placeholder-visible=\"false\" aria-label=\"Write heading\u2026\" aria-autocomplete=\"list\">Parcours &#8220;TRAVAILLER ENSEMBLE&#8221;<\/h2>\n<h2>R\u00e9unions efficaces<\/h2>\n<p>Les r\u00e9unions assommantes o\u00f9 l\u2019on perd de vue pourquoi on est l\u00e0, o\u00f9 la parole est monopolis\u00e9e et o\u00f9 le d\u00e9bat d\u00e9g\u00e9n\u00e8re en affrontement\u2026 \u00e7a vous parle ?<\/p>\n<p>Venez d\u00e9couvrir et exp\u00e9rimenter des pratiques simples de facilitation \u00a0pour commencer \u00e0 mettre en \u0153uvre une intelligence collective et transformer vos r\u00e9unions en moments agr\u00e9ables, efficaces et fructueux !<\/p>\n<p><b>Public <\/b><span style=\"font-weight: 400;\">: Tout public.<\/span><\/p>\n<p><em><a href=\"http:\/\/lestudioagile.fr\/wp-content\/uploads\/2019\/01\/Re\u0301unions-efficaces-compressed-1.pdf\">Fiche p\u00e9dagogique<\/a><\/em><\/p>\n\n<table id=\"tablepress-8\" class=\"tablepress tablepress-id-8\">\n<tbody>\n<tr class=\"row-1\">\n\t<td class=\"column-1\"><img src=\"http:\/\/lestudioagile.fr\/wp-content\/uploads\/2018\/11\/05jours.png\" alt=\"\" width=\"150\" height=\"87\" class=\"aligncenter size-full wp-image-419\" \/><\/td><td class=\"column-2\"><img src=\"http:\/\/lestudioagile.fr\/wp-content\/uploads\/2018\/11\/300Euros.png\" alt=\"\" width=\"185\" height=\"94\" class=\"aligncenter size-full wp-image-418\" \/><\/td><td class=\"column-3\"><img src=\"http:\/\/lestudioagile.fr\/wp-content\/uploads\/2018\/11\/1000Euros.png\" alt=\"\" width=\"190\" height=\"96\" class=\"aligncenter size-full wp-image-443\" \/><\/td>\n<\/tr>\n<\/tbody>\n<\/table>\n<!-- #tablepress-8 from cache -->\n<h2>Dessiner pour mieux collaborer<\/h2>\n<p>Comment s\u2019assurer que tous partagent la m\u00eame vision ?<\/p>\n<p>La facilitation graphique est un outil puissant pour aider le groupe \u00e0 collaborer vers un objectif partag\u00e9. D\u00e9couvrez dans ce module comment l\u2019int\u00e9grer dans votre quotidien en traitant vos sujets d\u2019une fa\u00e7on alternative et compl\u00e9mentaire. Nul besoin d\u2019\u00eatre un artiste pour enrichir vos \u00e9changes et d\u00e9couvrir peut-\u00eatre des p\u00e9pites de cr\u00e9ativit\u00e9.<\/p>\n<p><b>Public <\/b>: Tout public.<\/p>\n<p><em><a href=\"http:\/\/lestudioagile.fr\/wp-content\/uploads\/2019\/01\/Dessiner-pour-mieux-collaborer-compressed.pdf\">Fiche p\u00e9dagogique<\/a><\/em><\/p>\n\n<table id=\"tablepress-8-no-2\" class=\"tablepress tablepress-id-8\">\n<tbody>\n<tr class=\"row-1\">\n\t<td class=\"column-1\"><img src=\"http:\/\/lestudioagile.fr\/wp-content\/uploads\/2018\/11\/05jours.png\" alt=\"\" width=\"150\" height=\"87\" class=\"aligncenter size-full wp-image-419\" \/><\/td><td class=\"column-2\"><img src=\"http:\/\/lestudioagile.fr\/wp-content\/uploads\/2018\/11\/300Euros.png\" alt=\"\" width=\"185\" height=\"94\" class=\"aligncenter size-full wp-image-418\" \/><\/td><td class=\"column-3\"><img src=\"http:\/\/lestudioagile.fr\/wp-content\/uploads\/2018\/11\/1000Euros.png\" alt=\"\" width=\"190\" height=\"96\" class=\"aligncenter size-full wp-image-443\" \/><\/td>\n<\/tr>\n<\/tbody>\n<\/table>\n<!-- #tablepress-8-no-2 from cache -->\n<h2>Faciliter un Forum Ouvert<\/h2>\n<p>Le forum ouvert met en oeuvre l\u2019intelligence collective \u00e0 l\u2019\u00e9chelle de grand groupes (jusqu\u2019\u00e0 2000 personnes) dans le cadre de projets d\u2019innovation, sociaux, ou de changements de tous ordres. Le forum ouvert a un impact profond sur la construction de valeurs et de pratiques collaboratives dans le groupe.<\/p>\n<p><b>Public <\/b>: Tout public.<\/p>\n<p><em><a href=\"http:\/\/lestudioagile.fr\/wp-content\/uploads\/2019\/01\/Faciliter-un-Forum-Ouvert.pdf\">Fiche p\u00e9dagogique<\/a><\/em><\/p>\n\n<table id=\"tablepress-8-no-3\" class=\"tablepress tablepress-id-8\">\n<tbody>\n<tr class=\"row-1\">\n\t<td class=\"column-1\"><img src=\"http:\/\/lestudioagile.fr\/wp-content\/uploads\/2018\/11\/05jours.png\" alt=\"\" width=\"150\" height=\"87\" class=\"aligncenter size-full wp-image-419\" \/><\/td><td class=\"column-2\"><img src=\"http:\/\/lestudioagile.fr\/wp-content\/uploads\/2018\/11\/300Euros.png\" alt=\"\" width=\"185\" height=\"94\" class=\"aligncenter size-full wp-image-418\" \/><\/td><td class=\"column-3\"><img src=\"http:\/\/lestudioagile.fr\/wp-content\/uploads\/2018\/11\/1000Euros.png\" alt=\"\" width=\"190\" height=\"96\" class=\"aligncenter size-full wp-image-443\" \/><\/td>\n<\/tr>\n<\/tbody>\n<\/table>\n<!-- #tablepress-8-no-3 from cache -->\n<h2>Faciliter un World Caf\u00e9<\/h2>\n<p>Le World Caf\u00e9 est avec le forum ouvert un des principaux formats d&#8217;atelier en grands groupes. Quelle que soit l&#8217;\u00e9chelle de votre projet ou votre organisation (de 15 \u00e0 2000 personnes; de 2 heures \u00e0 2 jours), le World Caf\u00e9 pourra \u00eatre utilis\u00e9 pour initier, concevoir ou d\u00e9velopper un projet, une transition organisationnelles, ou toute autre r\u00e9flexion faisant appel \u00e0\u00a0l\u2019intelligence collective.<\/p>\n<p><b>Public <\/b>: Tout public.<\/p>\n<p><em><a href=\"http:\/\/lestudioagile.fr\/wp-content\/uploads\/2019\/05\/Faciliter-un-World-Caf\u00e9.pdf\">Fiche p\u00e9dagogique<\/a><\/em><\/p>\n\n<table id=\"tablepress-8-no-4\" class=\"tablepress tablepress-id-8\">\n<tbody>\n<tr class=\"row-1\">\n\t<td class=\"column-1\"><img src=\"http:\/\/lestudioagile.fr\/wp-content\/uploads\/2018\/11\/05jours.png\" alt=\"\" width=\"150\" height=\"87\" class=\"aligncenter size-full wp-image-419\" \/><\/td><td class=\"column-2\"><img src=\"http:\/\/lestudioagile.fr\/wp-content\/uploads\/2018\/11\/300Euros.png\" alt=\"\" width=\"185\" height=\"94\" class=\"aligncenter size-full wp-image-418\" \/><\/td><td class=\"column-3\"><img src=\"http:\/\/lestudioagile.fr\/wp-content\/uploads\/2018\/11\/1000Euros.png\" alt=\"\" width=\"190\" height=\"96\" class=\"aligncenter size-full wp-image-443\" \/><\/td>\n<\/tr>\n<\/tbody>\n<\/table>\n<!-- #tablepress-8-no-4 from cache -->\n<h2 class=\"block-editor-rich-text__editable editor-rich-text__editable\" role=\"textbox\" contenteditable=\"true\" aria-multiline=\"true\" data-is-placeholder-visible=\"false\" aria-label=\"Write heading\u2026\" aria-autocomplete=\"list\">Parcours &#8220;APPRENDRE ENSEMBLE &#8220;<\/h2>\n<h2>Apprentissages agiles et facilitation<\/h2>\n<p>En tant que cadre collaboratif, l\u2019agilit\u00e9 met \u00e0 la disposition des formateurs et des facilitateurs des outils simples qui am\u00e9liorent l&#8217;exp\u00e9rience de nos r\u00e9unions, tels que : les jeux d\u2019innovation, la facilitation graphique, le r\u00f4le et la posture de facilitateur. Ces techniques s\u2019appliquent \u00e0 tous les types de r\u00e9union : pour faire ensemble, d\u00e9cider ou apprendre.<\/p>\n<p>Vous en avez assez de l&#8217;\u00e9ternel PowerPoint ? Vous r\u00eavez d&#8217;organiser des r\u00e9unions dynamiques et motivantes ? Des formations o\u00f9 les participants apprennent entre eux gr\u00e2ce \u00e0 vous ? D\u00e9couvrez et exp\u00e9rimentez des pratiques \u00e9prouv\u00e9es pour mettre en \u0153uvre et soutenir l\u2019intelligence collective, et transformer vos r\u00e9unions en moments agr\u00e9ables, efficaces et fructueux !<\/p>\n<p>Cette formation \u00e0 3 \u00e9tages vous propulse dans l\u2019univers de la facilitation avec des outils que vous pourrez commencer \u00e0 utiliser d\u00e8s le lendemain dans votre activit\u00e9.<\/p>\n<p><b>Public <\/b>: Tout public.<\/p>\n<p><em><a href=\"http:\/\/lestudioagile.fr\/wp-content\/uploads\/2020\/01\/Fiche-p\u00e9dagogique-Apprentissages-agiles-et-facilitation-2.pdf\">Fiche p\u00e9dagogique<\/a><\/em><\/p>\n\n<table id=\"tablepress-9\" class=\"tablepress tablepress-id-9\">\n<tbody>\n<tr class=\"row-1\">\n\t<td class=\"column-1\"><img src=\"http:\/\/lestudioagile.fr\/wp-content\/uploads\/2020\/01\/2Jours.png\" alt=\"\" width=\"150\" height=\"90\" class=\"aligncenter size-full wp-image-420\" \/><\/td><td class=\"column-2\"><img src=\"http:\/\/lestudioagile.fr\/wp-content\/uploads\/2020\/01\/1000Euros.png\" alt=\"\" width=\"185\" height=\"92\" class=\"aligncenter size-full wp-image-421\" \/><\/td><td class=\"column-3\"><img src=\"http:\/\/lestudioagile.fr\/wp-content\/uploads\/2020\/01\/4000Euros.png\" alt=\"\" width=\"190\" height=\"96\" class=\"aligncenter size-full wp-image-442\" \/><\/td>\n<\/tr>\n<\/tbody>\n<\/table>\n<!-- #tablepress-9 from cache -->\n\n<div class=\"so-widget-sow-button so-widget-sow-button-wire-c048d8b3f4e2\"><div class=\"ow-button-base ow-button-align-left\">\n\t<a href=\"https:\/\/lestudioagile.fr\/index.php\/formation\/calendrier\/\" class=\"ow-icon-placement-left ow-button-hover\" \t\t>\n\t\t<span>\n\t\t\t\n\t\t\tTrouvez une date de session\t\t<\/span>\n\t<\/a>\n<\/div>\n<\/div>\n\n<div class=\"so-widget-sow-button so-widget-sow-button-flat-172fd2b1e7be\"><div class=\"ow-button-base ow-button-align-center\">\n\t<a href=\"https:\/\/lestudioagile.fr\/?page_id=9\" class=\"ow-icon-placement-left ow-button-hover\" \t\t>\n\t\t<span>\n\t\t\t\n\t\t\tPour plus d&#8217;informations, contactez nous\t\t<\/span>\n\t<\/a>\n<\/div>\n<\/div>            <style type=\"text\/css\">.so-widget-sow-button-flat-172fd2b1e7be .ow-button-base {\n  zoom: 1;\n}\n.so-widget-sow-button-flat-172fd2b1e7be .ow-button-base:before {\n  content: '';\n  display: block;\n}\n.so-widget-sow-button-flat-172fd2b1e7be .ow-button-base:after {\n  content: '';\n  display: table;\n  clear: both;\n}\n@media (max-width: 780px) {\n  .so-widget-sow-button-flat-172fd2b1e7be .ow-button-base.ow-button-align-center {\n    text-align: center;\n  }\n  .so-widget-sow-button-flat-172fd2b1e7be .ow-button-base.ow-button-align-center.ow-button-align-justify a {\n    display: inline-block;\n  }\n}\n.so-widget-sow-button-flat-172fd2b1e7be .ow-button-base a {\n  -ms-box-sizing: border-box;\n  -moz-box-sizing: border-box;\n  -webkit-box-sizing: border-box;\n  box-sizing: border-box;\n  width: 100%;\n  max-width: 100%;\n  font-size: 1em;\n  padding: 1em 2em;\n  background: #419d78;\n  color: #ffffff !important;\n  border: 1px solid #419d78;\n  border-width: 1px 0;\n  -webkit-border-radius: 0.25em;\n  -moz-border-radius: 0.25em;\n  border-radius: 0.25em;\n  text-shadow: 0 1px 0 rgba(0, 0, 0, 0.05);\n}\n.so-widget-sow-button-flat-172fd2b1e7be .ow-button-base a:active,\n.so-widget-sow-button-flat-172fd2b1e7be .ow-button-base a:hover {\n  color: #ffffff !important;\n}\n.so-widget-sow-button-flat-172fd2b1e7be .ow-button-base a.ow-button-hover:hover {\n  background: #47ab83;\n  border-color: #47ab83;\n}<\/style>","protected":false},"excerpt":{"rendered":"<p>Nos formations sont d\u00e9coup\u00e9es en modules, combinables \u00e0 la carte en fonction de votre besoin. Vous avez le choix entre deux types de session: interne \u00e0 votre organisation, dans vos locaux ou un lieu choisi pour l&#8217;occasion, avec des participants de plusieurs organisations, \u00e0 Montpellier, suivant un calendrier disponible ici. Parcours &#8220;AGILE&#8221; A la d\u00e9couverte &hellip; <\/p>\n<p class=\"link-more\"><a href=\"https:\/\/lestudioagile.fr\/index.php\/formation\/modules-de-formation\/\" class=\"more-link\">Continue reading<span class=\"screen-reader-text\"> &#8220;Modules de formation&#8221;<\/span><\/a><\/p>\n","protected":false},"author":2,"featured_media":0,"parent":259,"menu_order":0,"comment_status":"closed","ping_status":"closed","template":"","meta":[],"_links":{"self":[{"href":"https:\/\/lestudioagile.fr\/index.php\/wp-json\/wp\/v2\/pages\/254"}],"collection":[{"href":"https:\/\/lestudioagile.fr\/index.php\/wp-json\/wp\/v2\/pages"}],"about":[{"href":"https:\/\/lestudioagile.fr\/index.php\/wp-json\/wp\/v2\/types\/page"}],"author":[{"embeddable":true,"href":"https:\/\/lestudioagile.fr\/index.php\/wp-json\/wp\/v2\/users\/2"}],"replies":[{"embeddable":true,"href":"https:\/\/lestudioagile.fr\/index.php\/wp-json\/wp\/v2\/comments?post=254"}],"version-history":[{"count":30,"href":"https:\/\/lestudioagile.fr\/index.php\/wp-json\/wp\/v2\/pages\/254\/revisions"}],"predecessor-version":[{"id":767,"href":"https:\/\/lestudioagile.fr\/index.php\/wp-json\/wp\/v2\/pages\/254\/revisions\/767"}],"up":[{"embeddable":true,"href":"https:\/\/lestudioagile.fr\/index.php\/wp-json\/wp\/v2\/pages\/259"}],"wp:attachment":[{"href":"https:\/\/lestudioagile.fr\/index.php\/wp-json\/wp\/v2\/media?parent=254"}],"curies":[{"name":"wp","href":"https:\/\/api.w.org\/{rel}","templated":true}]}}